{"id":18012,"date":"2019-10-29T14:41:17","date_gmt":"2019-10-29T13:41:17","guid":{"rendered":"https:\/\/yoga-cubano.de\/ausfluege\/"},"modified":"2023-01-17T09:02:38","modified_gmt":"2023-01-17T08:02:38","slug":"ausfluege","status":"publish","type":"page","link":"https:\/\/yoga-cubano.de\/es\/ausfluege\/","title":{"rendered":"EXCURSIONES &#038; ACTIVIDADES"},"content":{"rendered":"<div class=\"vgblk-rw-wrapper limit-wrapper\">\n\n\t\t\t\t\t\t\t<img decoding=\"async\" loading=\"lazy\" src=\"https:\/\/yoga-cubano.de\/wp-content\/uploads\/19-09-02_VINALES-07732.jpg\" alt=\"Gef\u00fchrte Wanderungen\" itemprop=\"image\" height=\"2624\" width=\"3936\" title=\"19-09-02_VINALES-07732\" onerror=\"this.style.display='none'\"  sizes=\"(max-width: 768px) 100vw, 100vw\" srcset=\"https:\/\/yoga-cubano.de\/wp-content\/uploads\/19-09-02_VINALES-07732.jpg 3936w, https:\/\/yoga-cubano.de\/wp-content\/uploads\/19-09-02_VINALES-07732-300x200.jpg 300w, https:\/\/yoga-cubano.de\/wp-content\/uploads\/19-09-02_VINALES-07732-768x512.jpg 768w, https:\/\/yoga-cubano.de\/wp-content\/uploads\/19-09-02_VINALES-07732-1024x683.jpg 1024w, https:\/\/yoga-cubano.de\/wp-content\/uploads\/19-09-02_VINALES-07732-1260x840.jpg 1260w, https:\/\/yoga-cubano.de\/wp-content\/uploads\/19-09-02_VINALES-07732-630x420.jpg 630w, https:\/\/yoga-cubano.de\/wp-content\/uploads\/19-09-02_VINALES-07732-420x280.jpg 420w, https:\/\/yoga-cubano.de\/wp-content\/uploads\/19-09-02_VINALES-07732-840x560.jpg 840w, https:\/\/yoga-cubano.de\/wp-content\/uploads\/19-09-02_VINALES-07732-315x210.jpg 315w\" \/>\t\t\t\t\t\t\t\n\t<p><strong>Caminatas guiadas<\/strong><\/p>\n\t\t\t\t\t\t\t<img decoding=\"async\" loading=\"lazy\" src=\"https:\/\/yoga-cubano.de\/wp-content\/uploads\/DSC_2566.jpg\" alt=\"Kuba Reise mit Yoga in Vinales \" itemprop=\"image\" height=\"2848\" width=\"4288\" title=\"Taxifahrt durch Vinales\" onerror=\"this.style.display='none'\"  sizes=\"(max-width: 768px) 100vw, 100vw\" srcset=\"https:\/\/yoga-cubano.de\/wp-content\/uploads\/DSC_2566.jpg 4288w, https:\/\/yoga-cubano.de\/wp-content\/uploads\/DSC_2566-300x199.jpg 300w, https:\/\/yoga-cubano.de\/wp-content\/uploads\/DSC_2566-768x510.jpg 768w, https:\/\/yoga-cubano.de\/wp-content\/uploads\/DSC_2566-1024x680.jpg 1024w, https:\/\/yoga-cubano.de\/wp-content\/uploads\/DSC_2566-1260x837.jpg 1260w, https:\/\/yoga-cubano.de\/wp-content\/uploads\/DSC_2566-630x418.jpg 630w, https:\/\/yoga-cubano.de\/wp-content\/uploads\/DSC_2566-420x279.jpg 420w, https:\/\/yoga-cubano.de\/wp-content\/uploads\/DSC_2566-840x558.jpg 840w, https:\/\/yoga-cubano.de\/wp-content\/uploads\/DSC_2566-315x209.jpg 315w\" \/>\t\t\t\t\t\t\t\n\t<p><strong>Vuelta al valle con Javier en el Moskvitch<\/strong><\/p>\n\t\t\t\t\t\t\t<img decoding=\"async\" loading=\"lazy\" src=\"https:\/\/yoga-cubano.de\/wp-content\/uploads\/19-09-02_VINALES-07932.jpg\" alt=\"Reiten\" itemprop=\"image\" height=\"2624\" width=\"3936\" title=\"19-09-02_VINALES-07932\" onerror=\"this.style.display='none'\"  sizes=\"(max-width: 768px) 100vw, 100vw\" srcset=\"https:\/\/yoga-cubano.de\/wp-content\/uploads\/19-09-02_VINALES-07932.jpg 3936w, https:\/\/yoga-cubano.de\/wp-content\/uploads\/19-09-02_VINALES-07932-300x200.jpg 300w, https:\/\/yoga-cubano.de\/wp-content\/uploads\/19-09-02_VINALES-07932-768x512.jpg 768w, https:\/\/yoga-cubano.de\/wp-content\/uploads\/19-09-02_VINALES-07932-1024x683.jpg 1024w, https:\/\/yoga-cubano.de\/wp-content\/uploads\/19-09-02_VINALES-07932-1260x840.jpg 1260w, https:\/\/yoga-cubano.de\/wp-content\/uploads\/19-09-02_VINALES-07932-630x420.jpg 630w, https:\/\/yoga-cubano.de\/wp-content\/uploads\/19-09-02_VINALES-07932-420x280.jpg 420w, https:\/\/yoga-cubano.de\/wp-content\/uploads\/19-09-02_VINALES-07932-840x560.jpg 840w, https:\/\/yoga-cubano.de\/wp-content\/uploads\/19-09-02_VINALES-07932-315x210.jpg 315w\" \/>\t\t\t\t\t\t\t\n\t<p><strong>Paseo<\/strong><\/p>\n\t\t\t\t\t\t\t<img decoding=\"async\" loading=\"lazy\" src=\"https:\/\/yoga-cubano.de\/wp-content\/uploads\/19-09-02_VINALES-07767-1.jpg\" alt=\"19-09-02_VINALES-07767\" itemprop=\"image\" height=\"3936\" width=\"2624\" title=\"19-09-02_VINALES-07767\" onerror=\"this.style.display='none'\"  sizes=\"(max-width: 768px) 100vw, 100vw\" srcset=\"https:\/\/yoga-cubano.de\/wp-content\/uploads\/19-09-02_VINALES-07767-1.jpg 2624w, https:\/\/yoga-cubano.de\/wp-content\/uploads\/19-09-02_VINALES-07767-1-200x300.jpg 200w, https:\/\/yoga-cubano.de\/wp-content\/uploads\/19-09-02_VINALES-07767-1-768x1152.jpg 768w, https:\/\/yoga-cubano.de\/wp-content\/uploads\/19-09-02_VINALES-07767-1-683x1024.jpg 683w, https:\/\/yoga-cubano.de\/wp-content\/uploads\/19-09-02_VINALES-07767-1-1260x1890.jpg 1260w, https:\/\/yoga-cubano.de\/wp-content\/uploads\/19-09-02_VINALES-07767-1-630x945.jpg 630w, https:\/\/yoga-cubano.de\/wp-content\/uploads\/19-09-02_VINALES-07767-1-420x630.jpg 420w, https:\/\/yoga-cubano.de\/wp-content\/uploads\/19-09-02_VINALES-07767-1-840x1260.jpg 840w, https:\/\/yoga-cubano.de\/wp-content\/uploads\/19-09-02_VINALES-07767-1-315x473.jpg 315w\" \/>\t\t\t\t\t\t\t\n\t<p><strong>Masaje individual<\/strong><\/p>\n\t\t\t\t\t\t\t<img decoding=\"async\" loading=\"lazy\" src=\"https:\/\/yoga-cubano.de\/wp-content\/uploads\/DSC_2460.jpg\" alt=\"Yoga Reztreat auf Kuba in Vinales, Yoga Reise\" itemprop=\"image\" height=\"2848\" width=\"4288\" title=\"Elisa und Rene\" onerror=\"this.style.display='none'\"  sizes=\"(max-width: 768px) 100vw, 100vw\" srcset=\"https:\/\/yoga-cubano.de\/wp-content\/uploads\/DSC_2460.jpg 4288w, https:\/\/yoga-cubano.de\/wp-content\/uploads\/DSC_2460-300x199.jpg 300w, https:\/\/yoga-cubano.de\/wp-content\/uploads\/DSC_2460-768x510.jpg 768w, https:\/\/yoga-cubano.de\/wp-content\/uploads\/DSC_2460-1024x680.jpg 1024w, https:\/\/yoga-cubano.de\/wp-content\/uploads\/DSC_2460-1260x837.jpg 1260w, https:\/\/yoga-cubano.de\/wp-content\/uploads\/DSC_2460-630x418.jpg 630w, https:\/\/yoga-cubano.de\/wp-content\/uploads\/DSC_2460-420x279.jpg 420w, https:\/\/yoga-cubano.de\/wp-content\/uploads\/DSC_2460-840x558.jpg 840w, https:\/\/yoga-cubano.de\/wp-content\/uploads\/DSC_2460-315x209.jpg 315w\" \/>\t\t\t\t\t\t\t\n\t<p><strong>Visita a la finca de tabaco del T\u00edo Ren\u00e9<\/strong><\/p>\n\t\t\t\t\t\t\t<img decoding=\"async\" loading=\"lazy\" src=\"https:\/\/yoga-cubano.de\/wp-content\/uploads\/19-09-02_VINALES-08078.jpg\" alt=\"Tanzen mit Mamuchi\" itemprop=\"image\" height=\"2624\" width=\"3936\" title=\"19-09-02_VINALES-08078\" onerror=\"this.style.display='none'\"  sizes=\"(max-width: 768px) 100vw, 100vw\" srcset=\"https:\/\/yoga-cubano.de\/wp-content\/uploads\/19-09-02_VINALES-08078.jpg 3936w, https:\/\/yoga-cubano.de\/wp-content\/uploads\/19-09-02_VINALES-08078-300x200.jpg 300w, https:\/\/yoga-cubano.de\/wp-content\/uploads\/19-09-02_VINALES-08078-768x512.jpg 768w, https:\/\/yoga-cubano.de\/wp-content\/uploads\/19-09-02_VINALES-08078-1024x683.jpg 1024w, https:\/\/yoga-cubano.de\/wp-content\/uploads\/19-09-02_VINALES-08078-1260x840.jpg 1260w, https:\/\/yoga-cubano.de\/wp-content\/uploads\/19-09-02_VINALES-08078-630x420.jpg 630w, https:\/\/yoga-cubano.de\/wp-content\/uploads\/19-09-02_VINALES-08078-420x280.jpg 420w, https:\/\/yoga-cubano.de\/wp-content\/uploads\/19-09-02_VINALES-08078-840x560.jpg 840w, https:\/\/yoga-cubano.de\/wp-content\/uploads\/19-09-02_VINALES-08078-315x210.jpg 315w\" \/>\t\t\t\t\t\t\t\n\t<p><strong>Aprende a bailar con Mamuchi<\/strong><\/p>\n\t\t\t\t\t\t\t<img decoding=\"async\" loading=\"lazy\" src=\"https:\/\/yoga-cubano.de\/wp-content\/uploads\/DSC08158-scaled.jpg\" alt=\"minibus, excursion, yoga cubano\" itemprop=\"image\" height=\"1708\" width=\"2560\" title=\"DSC08158\" onerror=\"this.style.display='none'\"  sizes=\"(max-width: 768px) 100vw, 100vw\" srcset=\"https:\/\/yoga-cubano.de\/wp-content\/uploads\/DSC08158-scaled.jpg 2560w, https:\/\/yoga-cubano.de\/wp-content\/uploads\/DSC08158-300x200.jpg 300w, https:\/\/yoga-cubano.de\/wp-content\/uploads\/DSC08158-1024x683.jpg 1024w, https:\/\/yoga-cubano.de\/wp-content\/uploads\/DSC08158-1536x1025.jpg 1536w, https:\/\/yoga-cubano.de\/wp-content\/uploads\/DSC08158-2048x1366.jpg 2048w, https:\/\/yoga-cubano.de\/wp-content\/uploads\/DSC08158-1260x841.jpg 1260w, https:\/\/yoga-cubano.de\/wp-content\/uploads\/DSC08158-630x420.jpg 630w, https:\/\/yoga-cubano.de\/wp-content\/uploads\/DSC08158-420x280.jpg 420w, https:\/\/yoga-cubano.de\/wp-content\/uploads\/DSC08158-840x560.jpg 840w, https:\/\/yoga-cubano.de\/wp-content\/uploads\/DSC08158-315x210.jpg 315w\" \/>\t\t\t\t\t\t\t\n<h2>\n\t\tEs posible a\u00f1adir m\u00e1s actividades al programa\n\t<\/h2>\n\t<p>Las actividades pueden reservarse espont\u00e1neamente in situ o por adelantado a trav\u00e9s de nuestro correo electr\u00f3nico.<\/p>\n\t\t\t<a href=\"mailto:kontakt@yoga-cubano.de\" target=\"_self\" role=\"button\" rel=\"noopener\">\n\t\t\t\t\t\t\tE-Mail\n\t\t\t\t\t<\/a>\n\n<\/div><!-- .vgblk-rw-wrapper -->","protected":false},"excerpt":{"rendered":"<p>Caminatas guiadas Vuelta al valle con Javier en el Moskvitch Paseo Masaje individual Visita a la finca de tabaco del T\u00edo Ren\u00e9 Aprende a bailar con Mamuchi Es posible a\u00f1adir m\u00e1s actividades al programa Las actividades pueden reservarse espont\u00e1neamente in situ o por adelantado a trav\u00e9s de nuestro correo electr\u00f3nico. E-Mail<\/p>\n","protected":false},"author":2,"featured_media":0,"parent":0,"menu_order":0,"comment_status":"closed","ping_status":"closed","template":"","meta":{"_exactmetrics_skip_tracking":false,"_exactmetrics_sitenote_active":false,"_exactmetrics_sitenote_note":"","_exactmetrics_sitenote_category":0,"footnotes":""},"aioseo_notices":[],"_links":{"self":[{"href":"https:\/\/yoga-cubano.de\/es\/wp-json\/wp\/v2\/pages\/18012"}],"collection":[{"href":"https:\/\/yoga-cubano.de\/es\/wp-json\/wp\/v2\/pages"}],"about":[{"href":"https:\/\/yoga-cubano.de\/es\/wp-json\/wp\/v2\/types\/page"}],"author":[{"embeddable":true,"href":"https:\/\/yoga-cubano.de\/es\/wp-json\/wp\/v2\/users\/2"}],"replies":[{"embeddable":true,"href":"https:\/\/yoga-cubano.de\/es\/wp-json\/wp\/v2\/comments?post=18012"}],"version-history":[{"count":6,"href":"https:\/\/yoga-cubano.de\/es\/wp-json\/wp\/v2\/pages\/18012\/revisions"}],"predecessor-version":[{"id":18587,"href":"https:\/\/yoga-cubano.de\/es\/wp-json\/wp\/v2\/pages\/18012\/revisions\/18587"}],"wp:attachment":[{"href":"https:\/\/yoga-cubano.de\/es\/wp-json\/wp\/v2\/media?parent=18012"}],"curies":[{"name":"wp","href":"https:\/\/api.w.org\/{rel}","templated":true}]}}