{"id":17985,"date":"2019-11-25T22:56:07","date_gmt":"2019-11-25T21:56:07","guid":{"rendered":"https:\/\/yoga-cubano.de\/?page_id=17985"},"modified":"2023-01-16T22:57:23","modified_gmt":"2023-01-16T21:57:23","slug":"programa","status":"publish","type":"page","link":"https:\/\/yoga-cubano.de\/es\/programa\/","title":{"rendered":"PROGRAMA"},"content":{"rendered":"<div class=\"vgblk-rw-wrapper limit-wrapper\">\n\n\t\t\t\t\t\t\t<img decoding=\"async\" loading=\"lazy\" src=\"https:\/\/yoga-cubano.de\/wp-content\/uploads\/19-09-02_VINALES-078171-1024x683.jpg\" alt=\"19-09-02_VINALES-07817(1)\" itemprop=\"image\" height=\"683\" width=\"1024\" title=\"19-09-02_VINALES-07817(1)\" onerror=\"this.style.display='none'\"  sizes=\"(max-width: 768px) 100vw, 100vw\" srcset=\"https:\/\/yoga-cubano.de\/wp-content\/uploads\/19-09-02_VINALES-078171-1024x683.jpg 1024w, https:\/\/yoga-cubano.de\/wp-content\/uploads\/19-09-02_VINALES-078171-300x200.jpg 300w, https:\/\/yoga-cubano.de\/wp-content\/uploads\/19-09-02_VINALES-078171-768x512.jpg 768w, https:\/\/yoga-cubano.de\/wp-content\/uploads\/19-09-02_VINALES-078171-1260x840.jpg 1260w, https:\/\/yoga-cubano.de\/wp-content\/uploads\/19-09-02_VINALES-078171-630x420.jpg 630w, https:\/\/yoga-cubano.de\/wp-content\/uploads\/19-09-02_VINALES-078171-420x280.jpg 420w, https:\/\/yoga-cubano.de\/wp-content\/uploads\/19-09-02_VINALES-078171-840x560.jpg 840w, https:\/\/yoga-cubano.de\/wp-content\/uploads\/19-09-02_VINALES-078171-315x210.jpg 315w\" \/>\t\t\t\t\t\t\t\n\t<p><strong>LUNES<\/strong><\/p>\n\t<p>La llegada a Vi\u00f1ales est\u00e1 programada antes de las 16.00 h. Te instalar\u00e1s en tu habitaci\u00f3n y podr\u00e1s participar por la noche de tu primera sesi\u00f3n de yoga. Para terminar, tendr\u00e1 lugar una cena de bienvenida para conocer a todos los participantes. ENJOY THE SPIRIT!<\/p>\n\t<p><strong>MARTES<\/strong><\/p>\n\tComenzamos el d\u00eda en plena naturaleza con una sesi\u00f3n de yoga y meditaci\u00f3n al amanecer. Despu\u00e9s contaremos con el desayuno y tendr\u00e1s el d\u00eda a tu disposici\u00f3n, as\u00ed como la posibilidad de participar en <a href=\"https:\/\/yoga-cubano.de\/es\/ausfluege\/\">excursiones adicionales<\/a>. Por la noche, volveremos con una sesi\u00f3n de yoga y para terminar, la cena.<strong><br \/>\n<\/strong>\n\t\t\t\t\t\t\t<img decoding=\"async\" loading=\"lazy\" src=\"https:\/\/yoga-cubano.de\/wp-content\/uploads\/DSC08852.jpg\" alt=\"DSC08852\" itemprop=\"image\" height=\"2624\" width=\"3936\" title=\"DSC08852\" onerror=\"this.style.display='none'\"  sizes=\"(max-width: 768px) 100vw, 100vw\" srcset=\"https:\/\/yoga-cubano.de\/wp-content\/uploads\/DSC08852.jpg 3936w, https:\/\/yoga-cubano.de\/wp-content\/uploads\/DSC08852-300x200.jpg 300w, https:\/\/yoga-cubano.de\/wp-content\/uploads\/DSC08852-768x512.jpg 768w, https:\/\/yoga-cubano.de\/wp-content\/uploads\/DSC08852-1024x683.jpg 1024w, https:\/\/yoga-cubano.de\/wp-content\/uploads\/DSC08852-1260x840.jpg 1260w, https:\/\/yoga-cubano.de\/wp-content\/uploads\/DSC08852-630x420.jpg 630w, https:\/\/yoga-cubano.de\/wp-content\/uploads\/DSC08852-420x280.jpg 420w, https:\/\/yoga-cubano.de\/wp-content\/uploads\/DSC08852-840x560.jpg 840w, https:\/\/yoga-cubano.de\/wp-content\/uploads\/DSC08852-315x210.jpg 315w\" \/>\t\t\t\t\t\t\t\n\t\t\t\t\t\t\t<img decoding=\"async\" loading=\"lazy\" src=\"https:\/\/yoga-cubano.de\/wp-content\/uploads\/DSC08302-scaled.jpg\" alt=\"Yoga Cubano\" itemprop=\"image\" height=\"1706\" width=\"2560\" title=\"single\" onerror=\"this.style.display='none'\"  sizes=\"(max-width: 768px) 100vw, 100vw\" srcset=\"https:\/\/yoga-cubano.de\/wp-content\/uploads\/DSC08302-scaled.jpg 2560w, https:\/\/yoga-cubano.de\/wp-content\/uploads\/DSC08302-300x200.jpg 300w, https:\/\/yoga-cubano.de\/wp-content\/uploads\/DSC08302-1024x683.jpg 1024w, https:\/\/yoga-cubano.de\/wp-content\/uploads\/DSC08302-1536x1024.jpg 1536w, https:\/\/yoga-cubano.de\/wp-content\/uploads\/DSC08302-2048x1365.jpg 2048w, https:\/\/yoga-cubano.de\/wp-content\/uploads\/DSC08302-1260x840.jpg 1260w, https:\/\/yoga-cubano.de\/wp-content\/uploads\/DSC08302-630x420.jpg 630w, https:\/\/yoga-cubano.de\/wp-content\/uploads\/DSC08302-420x280.jpg 420w, https:\/\/yoga-cubano.de\/wp-content\/uploads\/DSC08302-840x560.jpg 840w, https:\/\/yoga-cubano.de\/wp-content\/uploads\/DSC08302-315x210.jpg 315w\" \/>\t\t\t\t\t\t\t\n\t<p><strong>MI\u00c9RCOLES<\/strong><\/p>\nDespu\u00e9s del desayuno nos vamos de excursi\u00f3n a pasar el d\u00eda en Cayo Jut\u00edas. Aqu\u00ed podr\u00e1s ba\u00f1arte en aguas cristalinas, relajarte y dejar que el alma se deslice entre los manglares. De vuelta en el alojamiento, cenaremos todos juntos.<br \/>\n\n\t<p><strong>JUEVES<\/strong><\/p>\n\tComenzamos el d\u00eda en plena naturaleza con una sesi\u00f3n de yoga y meditaci\u00f3n al amanecer. Despu\u00e9s contaremos con el desayuno y tendr\u00e1s el d\u00eda a tu disposici\u00f3n, as\u00ed como la posibilidad de participar en <a href=\"https:\/\/yoga-cubano.de\/es\/ausfluege\/\">excursiones adicionales<\/a>. Por la noche, volveremos con una sesi\u00f3n de yoga y para terminar, la cena.<br \/>\n\n\t\t\t\t\t\t\t<img decoding=\"async\" loading=\"lazy\" src=\"https:\/\/yoga-cubano.de\/wp-content\/uploads\/19-09-02_VINALES-08062.jpg\" alt=\"19-09-02_VINALES-08062\" itemprop=\"image\" height=\"2624\" width=\"3936\" title=\"19-09-02_VINALES-08062\" onerror=\"this.style.display='none'\"  sizes=\"(max-width: 768px) 100vw, 100vw\" srcset=\"https:\/\/yoga-cubano.de\/wp-content\/uploads\/19-09-02_VINALES-08062.jpg 3936w, https:\/\/yoga-cubano.de\/wp-content\/uploads\/19-09-02_VINALES-08062-300x200.jpg 300w, https:\/\/yoga-cubano.de\/wp-content\/uploads\/19-09-02_VINALES-08062-768x512.jpg 768w, https:\/\/yoga-cubano.de\/wp-content\/uploads\/19-09-02_VINALES-08062-1024x683.jpg 1024w, https:\/\/yoga-cubano.de\/wp-content\/uploads\/19-09-02_VINALES-08062-1260x840.jpg 1260w, https:\/\/yoga-cubano.de\/wp-content\/uploads\/19-09-02_VINALES-08062-630x420.jpg 630w, https:\/\/yoga-cubano.de\/wp-content\/uploads\/19-09-02_VINALES-08062-420x280.jpg 420w, https:\/\/yoga-cubano.de\/wp-content\/uploads\/19-09-02_VINALES-08062-840x560.jpg 840w, https:\/\/yoga-cubano.de\/wp-content\/uploads\/19-09-02_VINALES-08062-315x210.jpg 315w\" \/>\t\t\t\t\t\t\t\n\t\t\t\t\t\t\t<img decoding=\"async\" loading=\"lazy\" src=\"https:\/\/yoga-cubano.de\/wp-content\/uploads\/DSC08873.jpg\" alt=\"DSC08873\" itemprop=\"image\" height=\"2624\" width=\"3936\" title=\"DSC08873\" onerror=\"this.style.display='none'\"  sizes=\"(max-width: 768px) 100vw, 100vw\" srcset=\"https:\/\/yoga-cubano.de\/wp-content\/uploads\/DSC08873.jpg 3936w, https:\/\/yoga-cubano.de\/wp-content\/uploads\/DSC08873-300x200.jpg 300w, https:\/\/yoga-cubano.de\/wp-content\/uploads\/DSC08873-768x512.jpg 768w, https:\/\/yoga-cubano.de\/wp-content\/uploads\/DSC08873-1024x683.jpg 1024w, https:\/\/yoga-cubano.de\/wp-content\/uploads\/DSC08873-1260x840.jpg 1260w, https:\/\/yoga-cubano.de\/wp-content\/uploads\/DSC08873-630x420.jpg 630w, https:\/\/yoga-cubano.de\/wp-content\/uploads\/DSC08873-420x280.jpg 420w, https:\/\/yoga-cubano.de\/wp-content\/uploads\/DSC08873-840x560.jpg 840w, https:\/\/yoga-cubano.de\/wp-content\/uploads\/DSC08873-315x210.jpg 315w\" \/>\t\t\t\t\t\t\t\n\t<p><strong>VIERNES<\/strong><\/p>\n\tComenzamos el d\u00eda en plena naturaleza con una sesi\u00f3n de yoga y meditaci\u00f3n al amanecer. Despu\u00e9s contaremos con el desayuno y tendr\u00e1s el d\u00eda a tu disposici\u00f3n, as\u00ed como la posibilidad de participar en <a href=\"https:\/\/yoga-cubano.de\/es\/ausfluege\/\">excursiones adicionales<\/a>. Por la noche, volveremos con una sesi\u00f3n de yoga y para terminar, la cena.<br \/>\n\n\t<p><strong>S\u00c1BADO<\/strong><\/p>\n\tComenzamos el d\u00eda en plena naturaleza con una sesi\u00f3n de yoga y meditaci\u00f3n al amanecer. Despu\u00e9s contaremos con el desayuno y tendr\u00e1s el d\u00eda a tu disposici\u00f3n, as\u00ed como la posibilidad de participar en <a href=\"https:\/\/yoga-cubano.de\/es\/ausfluege\/\">excursiones adicionales<\/a>. Por la noche, volveremos con una sesi\u00f3n de yoga y para terminar, la cena.<br \/>\n\n\t\t\t\t\t\t\t<img decoding=\"async\" loading=\"lazy\" src=\"https:\/\/yoga-cubano.de\/wp-content\/uploads\/19-09-02_VINALES-07598.jpg\" alt=\"19-09-02_VINALES-07598\" itemprop=\"image\" height=\"2624\" width=\"3936\" title=\"19-09-02_VINALES-07598\" onerror=\"this.style.display='none'\"  sizes=\"(max-width: 768px) 100vw, 100vw\" srcset=\"https:\/\/yoga-cubano.de\/wp-content\/uploads\/19-09-02_VINALES-07598.jpg 3936w, https:\/\/yoga-cubano.de\/wp-content\/uploads\/19-09-02_VINALES-07598-300x200.jpg 300w, https:\/\/yoga-cubano.de\/wp-content\/uploads\/19-09-02_VINALES-07598-768x512.jpg 768w, https:\/\/yoga-cubano.de\/wp-content\/uploads\/19-09-02_VINALES-07598-1024x683.jpg 1024w, https:\/\/yoga-cubano.de\/wp-content\/uploads\/19-09-02_VINALES-07598-1260x840.jpg 1260w, https:\/\/yoga-cubano.de\/wp-content\/uploads\/19-09-02_VINALES-07598-630x420.jpg 630w, https:\/\/yoga-cubano.de\/wp-content\/uploads\/19-09-02_VINALES-07598-420x280.jpg 420w, https:\/\/yoga-cubano.de\/wp-content\/uploads\/19-09-02_VINALES-07598-840x560.jpg 840w, https:\/\/yoga-cubano.de\/wp-content\/uploads\/19-09-02_VINALES-07598-315x210.jpg 315w\" \/>\t\t\t\t\t\t\t\n\t\t\t\t\t\t\t<img decoding=\"async\" loading=\"lazy\" src=\"https:\/\/yoga-cubano.de\/wp-content\/uploads\/19-09-02_VINALES-07812.jpg\" alt=\"19-09-02_VINALES-07812\" itemprop=\"image\" height=\"2624\" width=\"3936\" title=\"19-09-02_VINALES-07812\" onerror=\"this.style.display='none'\"  sizes=\"(max-width: 768px) 100vw, 100vw\" srcset=\"https:\/\/yoga-cubano.de\/wp-content\/uploads\/19-09-02_VINALES-07812.jpg 3936w, https:\/\/yoga-cubano.de\/wp-content\/uploads\/19-09-02_VINALES-07812-300x200.jpg 300w, https:\/\/yoga-cubano.de\/wp-content\/uploads\/19-09-02_VINALES-07812-768x512.jpg 768w, https:\/\/yoga-cubano.de\/wp-content\/uploads\/19-09-02_VINALES-07812-1024x683.jpg 1024w, https:\/\/yoga-cubano.de\/wp-content\/uploads\/19-09-02_VINALES-07812-1260x840.jpg 1260w, https:\/\/yoga-cubano.de\/wp-content\/uploads\/19-09-02_VINALES-07812-630x420.jpg 630w, https:\/\/yoga-cubano.de\/wp-content\/uploads\/19-09-02_VINALES-07812-420x280.jpg 420w, https:\/\/yoga-cubano.de\/wp-content\/uploads\/19-09-02_VINALES-07812-840x560.jpg 840w, https:\/\/yoga-cubano.de\/wp-content\/uploads\/19-09-02_VINALES-07812-315x210.jpg 315w\" \/>\t\t\t\t\t\t\t\n\t<p><strong>DOMINGO<\/strong><\/p>\n\t<p>Nuestro tiempo juntos en Vi\u00f1ales acaba hoy despu\u00e9s del desayuno. \u00a1 Namast\u00e9 \u00a1<\/p>\n\n<\/div><!-- .vgblk-rw-wrapper -->","protected":false},"excerpt":{"rendered":"<p>LUNES La llegada a Vi\u00f1ales est\u00e1 programada antes de las 16.00 h. Te instalar\u00e1s en tu habitaci\u00f3n y podr\u00e1s participar por la noche de tu primera sesi\u00f3n de yoga. Para terminar, tendr\u00e1 lugar una cena de bienvenida para conocer a todos los participantes. ENJOY THE SPIRIT! MARTES Comenzamos el d\u00eda en plena naturaleza con una&#8230;<\/p>\n","protected":false},"author":2,"featured_media":0,"parent":0,"menu_order":0,"comment_status":"closed","ping_status":"closed","template":"","meta":{"_exactmetrics_skip_tracking":false,"_exactmetrics_sitenote_active":false,"_exactmetrics_sitenote_note":"","_exactmetrics_sitenote_category":0,"footnotes":""},"aioseo_notices":[],"_links":{"self":[{"href":"https:\/\/yoga-cubano.de\/es\/wp-json\/wp\/v2\/pages\/17985"}],"collection":[{"href":"https:\/\/yoga-cubano.de\/es\/wp-json\/wp\/v2\/pages"}],"about":[{"href":"https:\/\/yoga-cubano.de\/es\/wp-json\/wp\/v2\/types\/page"}],"author":[{"embeddable":true,"href":"https:\/\/yoga-cubano.de\/es\/wp-json\/wp\/v2\/users\/2"}],"replies":[{"embeddable":true,"href":"https:\/\/yoga-cubano.de\/es\/wp-json\/wp\/v2\/comments?post=17985"}],"version-history":[{"count":10,"href":"https:\/\/yoga-cubano.de\/es\/wp-json\/wp\/v2\/pages\/17985\/revisions"}],"predecessor-version":[{"id":18580,"href":"https:\/\/yoga-cubano.de\/es\/wp-json\/wp\/v2\/pages\/17985\/revisions\/18580"}],"wp:attachment":[{"href":"https:\/\/yoga-cubano.de\/es\/wp-json\/wp\/v2\/media?parent=17985"}],"curies":[{"name":"wp","href":"https:\/\/api.w.org\/{rel}","templated":true}]}}