{"id":17751,"date":"2019-03-11T23:12:21","date_gmt":"2019-03-11T22:12:21","guid":{"rendered":"https:\/\/yoga-cubano.de\/anfahrt\/"},"modified":"2021-09-29T13:34:19","modified_gmt":"2021-09-29T11:34:19","slug":"anfahrt","status":"publish","type":"page","link":"https:\/\/yoga-cubano.de\/es\/anfahrt\/","title":{"rendered":"COMO LLEGAR"},"content":{"rendered":"<div class=\"vgblk-rw-wrapper limit-wrapper\">\n\n\t\n\n<p>Si varios participantes llegan a la misma hora o a una hora similar, el organizador con mucho gusto organizar\u00e1 un traslado por un costo extra. P\u00f3ngase en contacto con <a href=\"mailto:konatakt@yoga-cubano.de\">konatakt@yoga-cubano.de<\/a> para obtener m\u00e1s informaci\u00f3n.<\/p>\n\n<\/div><!-- .vgblk-rw-wrapper -->","protected":false},"excerpt":{"rendered":"<p>Si varios participantes llegan a la misma hora o a una hora similar, el organizador con mucho gusto organizar\u00e1 un traslado por un costo extra. P\u00f3ngase en contacto con konatakt@yoga-cubano.de para obtener m\u00e1s informaci\u00f3n.<\/p>\n","protected":false},"author":2,"featured_media":0,"parent":0,"menu_order":0,"comment_status":"closed","ping_status":"closed","template":"","meta":{"_exactmetrics_skip_tracking":false,"_exactmetrics_sitenote_active":false,"_exactmetrics_sitenote_note":"","_exactmetrics_sitenote_category":0,"footnotes":""},"aioseo_notices":[],"_links":{"self":[{"href":"https:\/\/yoga-cubano.de\/es\/wp-json\/wp\/v2\/pages\/17751"}],"collection":[{"href":"https:\/\/yoga-cubano.de\/es\/wp-json\/wp\/v2\/pages"}],"about":[{"href":"https:\/\/yoga-cubano.de\/es\/wp-json\/wp\/v2\/types\/page"}],"author":[{"embeddable":true,"href":"https:\/\/yoga-cubano.de\/es\/wp-json\/wp\/v2\/users\/2"}],"replies":[{"embeddable":true,"href":"https:\/\/yoga-cubano.de\/es\/wp-json\/wp\/v2\/comments?post=17751"}],"version-history":[{"count":5,"href":"https:\/\/yoga-cubano.de\/es\/wp-json\/wp\/v2\/pages\/17751\/revisions"}],"predecessor-version":[{"id":18442,"href":"https:\/\/yoga-cubano.de\/es\/wp-json\/wp\/v2\/pages\/17751\/revisions\/18442"}],"wp:attachment":[{"href":"https:\/\/yoga-cubano.de\/es\/wp-json\/wp\/v2\/media?parent=17751"}],"curies":[{"name":"wp","href":"https:\/\/api.w.org\/{rel}","templated":true}]}}