{"id":17737,"date":"2018-10-25T13:59:29","date_gmt":"2018-10-25T11:59:29","guid":{"rendered":"https:\/\/yoga-cubano.de\/happy-family\/"},"modified":"2023-01-05T09:44:23","modified_gmt":"2023-01-05T08:44:23","slug":"happy-family","status":"publish","type":"page","link":"https:\/\/yoga-cubano.de\/es\/happy-family\/","title":{"rendered":"HAPPY FAMILY"},"content":{"rendered":"<div class=\"vgblk-rw-wrapper limit-wrapper\">\n\n\t<h2>El Retiro<\/h2>\n<p>Para el tiempo libre como familia les ofrecemos una habitaci\u00f3n confortable con ducha y agua caliente, aseo, caja fuerte y aire acondicionado. Dependiendo la edad del ni\u00f1o te ofrecemos una cama para ni\u00f1os o una cama adicional. Despu\u00e9s de tu dosis diaria de yoga en las ma\u00f1anas tu paladar ser\u00e1 consentido con un desayunos balanceados y ricos, para la cenas disfrutar\u00e1s de las delicias cubanas. Para aprovechar estos momentos de recargar energ\u00edas al m\u00e1ximo les damos la oportunidad de dejar los ni\u00f1os en manos de una persona profesional y cari\u00f1osa. Te damos la oportunidad de relajarte y disfrutar el Caribe en su verdadera plenitud, llev\u00e1ndote a Cayo Jutias, donde disfrutar\u00e1s el sol, el mar y la playa. \u00bfQu\u00e9 tal un poco m\u00e1s acci\u00f3n? usa el viaje incluido para snorkeling o buceo. Con un costo adicional tambi\u00e9n puedes elegir entre una variedad de excursiones para un d\u00eda: explora el hermoso valle de Vi\u00f1ales, ver c\u00f3mo se fabrica un verdadero cigarro habano entre otros. Juntos encontraremos lo ideal para tus actividades en tu tiempo libre. Adem\u00e1s a trav\u00e9s de nuestros contactos locales usted tendr\u00e1 la oportunidad de conocer Cuba y sus habitantes, lejos de los clich\u00e9s y el turismo masivo.\u00a0 Env\u00edanos tu solicitud, nosotros te esperamos! Ustedes viajan con m\u00e1s de un ni\u00f1o; no se preocupen nosotros les ofrecemos el paquete perfecto sin importar la edad de los peque\u00f1os.<\/p>\n\t<a href=\"https:\/\/yoga-cubano.de\/es\/programa\/\" target=\"_self\" role=\"button\" rel=\"noopener\">\n\t\t\t\t\tPrograma\n\t<\/a>\n\t\t<h3>Tu paquete en un vistazo<\/h3>\n\t\t<ul><li>Retiro de Yoga de 6 d\u00edas<\/li><li>8 sesiones de yoga<\/li><li><a href=\"https:\/\/yoga-cubano.de\/es\/unterkunft\/\">Alojamiento en habitaci\u00f3n individual<\/a><\/li><li>Desayuno y Cena<\/li><li>Cuidado de ni\u00f1os durante las sesiones de yoga<\/li><li>Excursi\u00f3n a Cayo Jut\u00edas<p>*Precio para dos adultos + 1 ni\u00f1o**<br \/>**12-18 a\u00f1os<br \/>(ni\u00f1os entre 0 e 11 a\u00f1os gratis)<\/p><\/li><\/ul>\n\t<a href=\"https:\/\/yoga-cubano.de\/es\/buchung\/\" target=\"_blank\" role=\"button\" rel=\"noopener\">\n\t\t\t\t\t2100*\n\t<\/a>\n\n\t<h2>Informaci\u00f3n breve<\/h2>\n\u2022 N\u00famero m\u00e1ximo de personas por semana: 10<br \/>\n\u2022 N\u00famero m\u00ednimo de personas: 3<br \/>\n\u2022 Yoga para principiantes y avanzados<br \/>\n\u2022 Estilos de yoga: Hatha, Vinyasa\n\t<h3>\u00bfNecesitas ayuda para organizar tu viaje? Con mucho gusto te ayudamos por un costo adicional:<\/h3>\n\u2022 C\u00f3mo obtener su tarjeta Visa\/Cuba<br \/>\n\u2022 Traslado desde el aeropuerto Jos\u00e9 Mart\u00ed Havana a La Habana o Vi\u00f1ales<br \/>\n\u2022 Alojamiento en una Casa particular (habitaciones privadas) en La Habana\n\t\t<h3>\u00bfHas visto ya nuestro v\u00eddeo?<\/h3>\n\t\t<p>Disfruta de 2:11 min. de Cuba en casa.<\/p>\n\t<a href=\"https:\/\/www.youtube.com\/watch?v=VzY4-mhsQ6U&#038;t=\" target=\"_self\" role=\"button\" rel=\"noopener\">\n\t\t\t\t\tVideo\n\t<\/a>\n\n\n<\/div><!-- .vgblk-rw-wrapper -->","protected":false},"excerpt":{"rendered":"<p>El Retiro Para el tiempo libre como familia les ofrecemos una habitaci\u00f3n confortable con ducha y agua caliente, aseo, caja fuerte y aire acondicionado. Dependiendo la edad del ni\u00f1o te ofrecemos una cama para ni\u00f1os o una cama adicional. Despu\u00e9s de tu dosis diaria de yoga en las ma\u00f1anas tu paladar ser\u00e1 consentido con un&#8230;<\/p>\n","protected":false},"author":2,"featured_media":0,"parent":0,"menu_order":0,"comment_status":"closed","ping_status":"closed","template":"","meta":{"_exactmetrics_skip_tracking":false,"_exactmetrics_sitenote_active":false,"_exactmetrics_sitenote_note":"","_exactmetrics_sitenote_category":0,"footnotes":""},"aioseo_notices":[],"_links":{"self":[{"href":"https:\/\/yoga-cubano.de\/es\/wp-json\/wp\/v2\/pages\/17737"}],"collection":[{"href":"https:\/\/yoga-cubano.de\/es\/wp-json\/wp\/v2\/pages"}],"about":[{"href":"https:\/\/yoga-cubano.de\/es\/wp-json\/wp\/v2\/types\/page"}],"author":[{"embeddable":true,"href":"https:\/\/yoga-cubano.de\/es\/wp-json\/wp\/v2\/users\/2"}],"replies":[{"embeddable":true,"href":"https:\/\/yoga-cubano.de\/es\/wp-json\/wp\/v2\/comments?post=17737"}],"version-history":[{"count":24,"href":"https:\/\/yoga-cubano.de\/es\/wp-json\/wp\/v2\/pages\/17737\/revisions"}],"predecessor-version":[{"id":18512,"href":"https:\/\/yoga-cubano.de\/es\/wp-json\/wp\/v2\/pages\/17737\/revisions\/18512"}],"wp:attachment":[{"href":"https:\/\/yoga-cubano.de\/es\/wp-json\/wp\/v2\/media?parent=17737"}],"curies":[{"name":"wp","href":"https:\/\/api.w.org\/{rel}","templated":true}]}}