{"id":17731,"date":"2018-10-25T13:33:38","date_gmt":"2018-10-25T11:33:38","guid":{"rendered":"https:\/\/yoga-cubano.de\/zeit-zu-zweit\/"},"modified":"2023-01-05T09:42:21","modified_gmt":"2023-01-05T08:42:21","slug":"zeit-zu-zweit","status":"publish","type":"page","link":"https:\/\/yoga-cubano.de\/es\/zeit-zu-zweit\/","title":{"rendered":"EL-TIEMPO-PARA-DOS"},"content":{"rendered":"<div class=\"vgblk-rw-wrapper limit-wrapper\">\n\n\t<h2>El Retiro<\/h2>\n<p>Para su tiempo libre te ofrecemos una habitaci\u00f3n confortable con ba\u00f1o privado, ducha y agua caliente, caja fuerte y aire acondicionado. Despu\u00e9s de tu dosis diaria de yoga y meditaci\u00f3n en la ma\u00f1ana y en la noche, en las ma\u00f1anas tu paladar ser\u00e1 consentido con un desayuno balanceado y rico, para la cena disfrutar\u00e1s de las delicias cubanas. Para darles la oportunidad de relajaci\u00f3n y disfrutar el Caribe en su verdadera plenitud, los llevamos a Cayo Jutias, donde disfrutar\u00e1n el sol, el mar y la playa o para un poco m\u00e1s acci\u00f3n; usan el viaje incluido para snorkeling o buceo. Con un costo adicional tambi\u00e9n pueden elegir entre una variedad de excursiones para un d\u00eda: explora el hermoso valle de Vi\u00f1ales, ver c\u00f3mo se fabrica un verdadero cigarro habanero entre otros. Juntos encontraremos las actividades ideales para el tiempo libre. Adem\u00e1s a trav\u00e9s de nuestros contactos locales ustedes tendr\u00e1n la oportunidad de conocer Cuba y sus habitantes, lejos de los clich\u00e9s y el turismo masivo.\u00a0\u00a1Env\u00edanos tu solicitud, nosotros los esperamos!<\/p>\n\t<a href=\"https:\/\/yoga-cubano.de\/es\/programa\/\" target=\"_self\" role=\"button\" rel=\"noopener\">\n\t\t\t\t\tPrograma\n\t<\/a>\n\t\t<h3>Tu paquete en un vistazo<\/h3>\n\t\t<ul><li>Retiro de Yoga de 6 d\u00edas<\/li><li>8 sesiones de yoga<\/li><li><a href=\"https:\/\/yoga-cubano.de\/es\/unterkunft\/\">Alojamiento en habitaci\u00f3n doble<\/a><\/li><li>Desayuno y Cena<\/li><li>Excursi\u00f3n a Cayo Jut\u00edas<p>*Precio por dos personas<\/p><\/li><\/ul>\n\t<a href=\"https:\/\/yoga-cubano.de\/es\/buchung\/\" target=\"_blank\" role=\"button\" rel=\"noopener\">\n\t\t\t\t\t1700*\n\t<\/a>\n\n\t<h2>Informaci\u00f3n breve<\/h2>\n\u2022 N\u00famero m\u00e1ximo de personas por semana: 10<br \/>\n\u2022 N\u00famero m\u00ednimo de personas: 3<br \/>\n\u2022 Yoga para principiantes y avanzados<br \/>\n\u2022 Estilos de yoga: Hatha, Vinyasa\n\t<h3>\u00bfNecesitas ayuda para organizar tu viaje? Con mucho gusto te ayudamos por un costo adicional:<\/h3>\n\u2022 C\u00f3mo obtener su tarjeta Visa\/Cuba<br \/>\n\u2022 Traslado desde el aeropuerto Jos\u00e9 Mart\u00ed Havana a La Habana o Vi\u00f1ales<br \/>\n\u2022 Alojamiento en una Casa particular (habitaciones privadas) en La Habana\n\t\t<h3>\u00bfHas visto ya nuestro v\u00eddeo?<\/h3>\n\t\t<p>Disfruta de 2:11 min. de Cuba en casa.<\/p>\n\t<a href=\"https:\/\/www.youtube.com\/watch?v=VzY4-mhsQ6U&#038;t=\" target=\"_self\" role=\"button\" rel=\"noopener\">\n\t\t\t\t\tVideo\n\t<\/a>\n\n\n<\/div><!-- .vgblk-rw-wrapper -->","protected":false},"excerpt":{"rendered":"<p>El Retiro Para su tiempo libre te ofrecemos una habitaci\u00f3n confortable con ba\u00f1o privado, ducha y agua caliente, caja fuerte y aire acondicionado. Despu\u00e9s de tu dosis diaria de yoga y meditaci\u00f3n en la ma\u00f1ana y en la noche, en las ma\u00f1anas tu paladar ser\u00e1 consentido con un desayuno balanceado y rico, para la cena&#8230;<\/p>\n","protected":false},"author":2,"featured_media":0,"parent":0,"menu_order":0,"comment_status":"closed","ping_status":"closed","template":"","meta":{"_exactmetrics_skip_tracking":false,"_exactmetrics_sitenote_active":false,"_exactmetrics_sitenote_note":"","_exactmetrics_sitenote_category":0,"footnotes":""},"aioseo_notices":[],"_links":{"self":[{"href":"https:\/\/yoga-cubano.de\/es\/wp-json\/wp\/v2\/pages\/17731"}],"collection":[{"href":"https:\/\/yoga-cubano.de\/es\/wp-json\/wp\/v2\/pages"}],"about":[{"href":"https:\/\/yoga-cubano.de\/es\/wp-json\/wp\/v2\/types\/page"}],"author":[{"embeddable":true,"href":"https:\/\/yoga-cubano.de\/es\/wp-json\/wp\/v2\/users\/2"}],"replies":[{"embeddable":true,"href":"https:\/\/yoga-cubano.de\/es\/wp-json\/wp\/v2\/comments?post=17731"}],"version-history":[{"count":20,"href":"https:\/\/yoga-cubano.de\/es\/wp-json\/wp\/v2\/pages\/17731\/revisions"}],"predecessor-version":[{"id":18506,"href":"https:\/\/yoga-cubano.de\/es\/wp-json\/wp\/v2\/pages\/17731\/revisions\/18506"}],"wp:attachment":[{"href":"https:\/\/yoga-cubano.de\/es\/wp-json\/wp\/v2\/media?parent=17731"}],"curies":[{"name":"wp","href":"https:\/\/api.w.org\/{rel}","templated":true}]}}