{"id":17711,"date":"2017-11-08T19:10:29","date_gmt":"2017-11-08T19:10:29","guid":{"rendered":"https:\/\/yoga-cubano.de\/wir\/"},"modified":"2023-08-22T12:00:54","modified_gmt":"2023-08-22T10:00:54","slug":"wir","status":"publish","type":"page","link":"https:\/\/yoga-cubano.de\/es\/wir\/","title":{"rendered":"NOSOTROS"},"content":{"rendered":"<div class=\"vgblk-rw-wrapper limit-wrapper\">\r\n\t<strong>\u00bfQui\u00e9nes somos?<br \/>\r\n<\/strong><br \/>\r\nTrotamundos, aficionados al yoga y enamorados de Cuba esas son las palabras que mejor nos describen &#8211; Moritz (32) y Elisa (34). Elisa conoci\u00f3 y se enamor\u00f3 de Cuba y de su pueblo en su tiempo como profesora de la Universidad de La Habana entre el 2011 y 2012. Desde entonces, viajamos frecuentemente a la isla caribe\u00f1a, tambi\u00e9n con nuestros hijos, quienes pudieron disfrutar la isla poco despu\u00e9s de su nacimiento gracias al \u201cElternzeit\u201d (tiempo de dos meses que permite el estado alem\u00e1n a los dos padres a estar en casa \u2013 o en nuestro caso en Cuba). Cautivados por la belleza del valle de Vi\u00f1ales, tuvimos la idea de llevar el yoga all\u00ed. La idea de practicar nuestros \u201csaludos al sol\u201d diariamente sobre los techos verdes en armon\u00eda con la naturaleza nunca nos dej\u00f3. Hablando un espa\u00f1ol fluido, queremos darle unas vacaciones inolvidables en las que puedas experimentar la aut\u00e9ntica Cuba a trav\u00e9s de nuestra amplia red de contactos. Aqu\u00ed estamos: deseamos conocerte y de mostrarte Cuba de su lado m\u00e1s encantador y puro &#8211; Namast\u00e9!\r\n\t\t\t\t\t\t\t\t\t\t<img decoding=\"async\" src=\"http:\/\/yoga-cubano.de\/wp-content\/uploads\/IMG-20180216-WA0023-150x150.jpg\" alt=\"Wir stellen uns vor. Unsere Familie auf Kuba. Yoga Fans, Weltenbummler\" itemprop=\"image\" title=\"IMG-20180216-WA0023\" onerror=\"this.style.display='none'\"  sizes=\"(max-width: 768px) 100vw, 100vw\" srcset=\"data:image\/svg+xml;utf8,&lt;svg%20xmlns=&quot;http:\/\/www.w3.org\/2000\/svg&quot;%20viewBox=&quot;0%200%201024%20768&quot;%20height=&quot;768px&quot;%20width=&quot;1024px&quot;\/&gt;\" data-srcset=\"https:\/\/yoga-cubano.de\/wp-content\/uploads\/IMG-20180216-WA0023-150x150.jpg 150w, https:\/\/yoga-cubano.de\/wp-content\/uploads\/IMG-20180216-WA0023-100x100.jpg 100w\" \/>\t\t\t\t\t\t\t\r\n\t\t\t\t\t\t\t\t\t\t<img decoding=\"async\" src=\"http:\/\/yoga-cubano.de\/wp-content\/uploads\/IMG-20180220-WA0009-150x150.jpg\" alt=\"Elisa und Moritz am Meer auf Kuba. Weltenbummler, Yoga Fans, Kuba Freunden.\" itemprop=\"image\" title=\"IMG-20180220-WA0009\" onerror=\"this.style.display='none'\"  sizes=\"300 x 225\" srcset=\"data:image\/svg+xml;utf8,&lt;svg%20xmlns=&quot;http:\/\/www.w3.org\/2000\/svg&quot;%20viewBox=&quot;0%200%20960%201280&quot;%20height=&quot;1280px&quot;%20width=&quot;960px&quot;\/&gt;\" data-srcset=\"https:\/\/yoga-cubano.de\/wp-content\/uploads\/IMG-20180220-WA0009-150x150.jpg 150w, https:\/\/yoga-cubano.de\/wp-content\/uploads\/IMG-20180220-WA0009-960x969.jpg 960w, https:\/\/yoga-cubano.de\/wp-content\/uploads\/IMG-20180220-WA0009-100x100.jpg 100w\" \/>\t\t\t\t\t\t\t\r\n\t\t\t\t\t\t\t\t\t\t<img decoding=\"async\" src=\"http:\/\/yoga-cubano.de\/wp-content\/uploads\/IMG_20180203_172208-Kopie-1-150x150.jpeg\" alt=\"Yoga Retreat, entspannung, Meditation\" itemprop=\"image\" title=\"Familie in Vinales\" onerror=\"this.style.display='none'\"  sizes=\"(max-width: 768px) 100vw, 100vw\" srcset=\"data:image\/svg+xml;utf8,&lt;svg%20xmlns=&quot;http:\/\/www.w3.org\/2000\/svg&quot;%20viewBox=&quot;0%200%204160%203120&quot;%20height=&quot;3120px&quot;%20width=&quot;4160px&quot;\/&gt;\" data-srcset=\"https:\/\/yoga-cubano.de\/wp-content\/uploads\/IMG_20180203_172208-Kopie-1-150x150.jpeg 150w, https:\/\/yoga-cubano.de\/wp-content\/uploads\/IMG_20180203_172208-Kopie-1-100x100.jpeg 100w\" \/>\t\t\t\t\t\t\t\r\n<\/div><!-- .vgblk-rw-wrapper -->","protected":false},"excerpt":{"rendered":"<p>\u00bfQui\u00e9nes somos? Trotamundos, aficionados al yoga y enamorados de Cuba esas son las palabras que mejor nos describen &#8211; Moritz (32) y Elisa (34). Elisa conoci\u00f3 y se enamor\u00f3 de Cuba y de su pueblo en su tiempo como profesora de la Universidad de La Habana entre el 2011 y 2012. Desde entonces, viajamos frecuentemente&#8230;<\/p>\n","protected":false},"author":1,"featured_media":0,"parent":0,"menu_order":0,"comment_status":"closed","ping_status":"closed","template":"","meta":{"_exactmetrics_skip_tracking":false,"_exactmetrics_sitenote_active":false,"_exactmetrics_sitenote_note":"","_exactmetrics_sitenote_category":0,"footnotes":""},"aioseo_notices":[],"_links":{"self":[{"href":"https:\/\/yoga-cubano.de\/es\/wp-json\/wp\/v2\/pages\/17711"}],"collection":[{"href":"https:\/\/yoga-cubano.de\/es\/wp-json\/wp\/v2\/pages"}],"about":[{"href":"https:\/\/yoga-cubano.de\/es\/wp-json\/wp\/v2\/types\/page"}],"author":[{"embeddable":true,"href":"https:\/\/yoga-cubano.de\/es\/wp-json\/wp\/v2\/users\/1"}],"replies":[{"embeddable":true,"href":"https:\/\/yoga-cubano.de\/es\/wp-json\/wp\/v2\/comments?post=17711"}],"version-history":[{"count":5,"href":"https:\/\/yoga-cubano.de\/es\/wp-json\/wp\/v2\/pages\/17711\/revisions"}],"predecessor-version":[{"id":18236,"href":"https:\/\/yoga-cubano.de\/es\/wp-json\/wp\/v2\/pages\/17711\/revisions\/18236"}],"wp:attachment":[{"href":"https:\/\/yoga-cubano.de\/es\/wp-json\/wp\/v2\/media?parent=17711"}],"curies":[{"name":"wp","href":"https:\/\/api.w.org\/{rel}","templated":true}]}}