{"id":18348,"date":"2018-10-25T13:59:29","date_gmt":"2018-10-25T11:59:29","guid":{"rendered":"https:\/\/yoga-cubano.de\/happy-family\/"},"modified":"2023-01-05T09:44:45","modified_gmt":"2023-01-05T08:44:45","slug":"happy-family","status":"publish","type":"page","link":"https:\/\/yoga-cubano.de\/en\/happy-family\/","title":{"rendered":"HAPPY FAMILY"},"content":{"rendered":"<div class=\"vgblk-rw-wrapper limit-wrapper\">\n\n\t<h2>The Retreat<\/h2>\n<p>For your individual family retreat we provide you with a comfortable room including hot water shower, toilet, safe and air conditioning. Depending on the age of the child, you will be provided with a single bed or a separate cot. After your daily dose of yoga and meditation in the morning and evening, your taste buds will be pampered with a balanced breakfast and Cuban delicacies for dinner. To ensure that you, as parents, can make the most of these moments to recharge your batteries, your offspring can be left in the hands of a loving carer. To marvel at the Caribbean and really relax, we will take you to Cayo Jutias, where you can enjoy the sun, sea and beach or use the included trip for activities such as snorkelling or scuba diving. In addition, you can choose from many excursions every day at an extra charge, during which you can explore the beautiful valley of Vi\u00f1ales. As we are fluent in Spanish, we will work to find the right activities for your free time. In addition, our local contacts will give you the opportunity to get to know Cuba and its people beyond the clich\u00e9s and mass tourism. Send us your request, we are looking forward to hearing from you! Are you travelling with more than one child? No problem, we will tailor the perfect package for you, no matter how old your children are!<\/p>\n\t<a href=\"https:\/\/yoga-cubano.de\/en\/programm\/\" target=\"_blank\" role=\"button\" rel=\"noopener\">\n\t\t\t\t\tWeekly schedule\n\t<\/a>\n\t\t<h3>Your package at a glance<\/h3>\n\t\t<ul><li>6 days of yoga retreat<\/li><li>8 yoga sessions<\/li><li><a href=\"https:\/\/yoga-cubano.de\/en\/unterkunft\/\">accommodation in family room<\/a><\/li><li>Age-appropriate extra bed for the child<\/li><li>breakfast &amp; dinner<\/li><li>Child care<\/li><li>Excursion to Cayo Jutias*Price for two adults + 1 child**<br \/>**12-18 years\u00a0(children 0-11 years are free of charge)<\/li><\/ul>\n\t<a href=\"https:\/\/www.yoga-cubano.de\/buchung\" target=\"_blank\" role=\"button\" rel=\"noopener\">\n\t\t\t\t\t2100*\n\t<\/a>\n\n\t<h2>Brief information<\/h2>\n\u2022 Maximum number of people per week: 10<br \/>\n\u2022 Minimum of people: 3<br \/>\n\u2022 Yoga for beginners and advanced<br \/>\n\u2022 Yoga styles: Hatha, Vinyasa\n\t<h3>Do you need help organizing your trip? We offer you this for a surcharge:<\/h3>\n\u2022 Obtaining your visa \/ Cuba Card<br \/>\n\u2022 Transfer from Jos\u00e9 Mart\u00ed Havana Airport to Havana or Vi\u00f1ales<br \/>\n\u2022 Accommodation in a casa particular (privately rented room) in Havana\n\t\t<h3>Have you seen our video?<\/h3>\n\t\t<p>Bring Cuba into your home now for 2:11 min!<\/p>\n\t<a href=\"https:\/\/www.youtube.com\/watch?v=VzY4-mhsQ6U&#038;t\" target=\"_blank\" role=\"button\" rel=\"noopener\">\n\t\t\t\t\tVideo\n\t<\/a>\n\n\n<\/div><!-- .vgblk-rw-wrapper -->","protected":false},"excerpt":{"rendered":"<p>The Retreat For your individual family retreat we provide you with a comfortable room including hot water shower, toilet, safe and air conditioning. Depending on the age of the child, you will be provided with a single bed or a separate cot. After your daily dose of yoga and meditation in the morning and evening,&#8230;<\/p>\n","protected":false},"author":2,"featured_media":0,"parent":0,"menu_order":0,"comment_status":"closed","ping_status":"closed","template":"","meta":{"_exactmetrics_skip_tracking":false,"_exactmetrics_sitenote_active":false,"_exactmetrics_sitenote_note":"","_exactmetrics_sitenote_category":0,"footnotes":""},"aioseo_notices":[],"_links":{"self":[{"href":"https:\/\/yoga-cubano.de\/en\/wp-json\/wp\/v2\/pages\/18348"}],"collection":[{"href":"https:\/\/yoga-cubano.de\/en\/wp-json\/wp\/v2\/pages"}],"about":[{"href":"https:\/\/yoga-cubano.de\/en\/wp-json\/wp\/v2\/types\/page"}],"author":[{"embeddable":true,"href":"https:\/\/yoga-cubano.de\/en\/wp-json\/wp\/v2\/users\/2"}],"replies":[{"embeddable":true,"href":"https:\/\/yoga-cubano.de\/en\/wp-json\/wp\/v2\/comments?post=18348"}],"version-history":[{"count":7,"href":"https:\/\/yoga-cubano.de\/en\/wp-json\/wp\/v2\/pages\/18348\/revisions"}],"predecessor-version":[{"id":18513,"href":"https:\/\/yoga-cubano.de\/en\/wp-json\/wp\/v2\/pages\/18348\/revisions\/18513"}],"wp:attachment":[{"href":"https:\/\/yoga-cubano.de\/en\/wp-json\/wp\/v2\/media?parent=18348"}],"curies":[{"name":"wp","href":"https:\/\/api.w.org\/{rel}","templated":true}]}}