{"id":18340,"date":"2017-11-20T21:28:42","date_gmt":"2017-11-20T21:28:42","guid":{"rendered":"https:\/\/yoga-cubano.de\/single-paket\/"},"modified":"2023-01-05T09:43:40","modified_gmt":"2023-01-05T08:43:40","slug":"single-paket","status":"publish","type":"page","link":"https:\/\/yoga-cubano.de\/en\/single-paket\/","title":{"rendered":"SINGLE"},"content":{"rendered":"<div class=\"vgblk-rw-wrapper limit-wrapper\">\n\n\t<h2>The Retreat<\/h2>\n<p>For your individual retreat we provide you with a comfortable <a href=\"https:\/\/yoga-cubano.de\/en\/unterkunft\/\">room<\/a> including hot water shower, toilet, safe and air conditioning. After your daily dose of yoga and meditation in the morning and evening, your taste buds will be pampered with a balanced breakfast and Cuban delicacies for dinner. To admire the Caribbean and really relax, we&#8217;ll take you to Cayo Jutias, where you can enjoy the sun, sea and beach or use the included trip for activities such as snorkelling or scuba diving. In addition, you can choose from many <a href=\"https:\/\/yoga-cubano.de\/en\/ausfluege\/\">excursions<\/a> every day at an extra charge, during which you can explore the beautiful valley of Vi\u00f1ales. As we are fluent in Spanish, we will help you find the right activities for your free time. In addition, our local contacts will give you the opportunity to get to know Cuba and its people beyond the clich\u00e9s and mass tourism. Send us your request, we are looking forward to meeting you!<\/p>\n<p>&nbsp;<\/p>\n\t<a href=\"https:\/\/yoga-cubano.de\/en\/programm\/\" target=\"_blank\" role=\"button\" rel=\"noopener\">\n\t\t\t\t\tWeekly schedule\n\t<\/a>\n\t\t<h3>Your package at a glance<\/h3>\n\t\t<ul>\n<li>6 days of yoga retreat<\/li>\n<li>8 yoga sessions<\/li>\n<li><a href=\"https:\/\/www.yoga-cubano.de\/unterkunft\/\">accomodation in a single room<\/a><\/li>\n<li>breakfast and dinner<\/li>\n<li>excursion to Cayo Jut\u00edas<br \/>\n*Price per person when booking a same-sex participant in the double room; 1050 \u20ac when using the double room alone<\/li>\n<\/ul>\n\t<a href=\"https:\/\/www.yoga-cubano.de\/buchung\" target=\"_blank\" role=\"button\" rel=\"noopener\">\n\t\t\t\t\tab 900*\n\t<\/a>\n\n\t<h2>Brief information<\/h2>\n\u2022 Maximum number of persons per week: 10<br \/>\n\u2022 minimum number of people: 3<br \/>\n\u2022 Yoga for beginners and advanced<br \/>\n\u2022 Yoga styles: Hatha, Vinyasa\n\t<h3>Do you need help organizing your trip? We offer you this for a surcharge:<\/h3>\n\u2022 Obtaining your visa \/ Cuba Card<br \/>\n\u2022 Transfer from Jos\u00e9 Mart\u00ed Havana Airport to Havana or Vi\u00f1ales<br \/>\n\u2022 Accommodation in a casa particular (privately rented room) in Havana\n\t\t<h3>Have you seen our video?<\/h3>\n\t\t<p>Bring Cuba into your home now for 2:11 min!<\/p>\n\t<a href=\"https:\/\/www.youtube.com\/watch?v=VzY4-mhsQ6U&#038;t\" target=\"_blank\" role=\"button\" rel=\"noopener\">\n\t\t\t\t\tVideo\n\t<\/a>\n\n\n<\/div><!-- .vgblk-rw-wrapper -->","protected":false},"excerpt":{"rendered":"<p>The Retreat For your individual retreat we provide you with a comfortable room including hot water shower, toilet, safe and air conditioning. After your daily dose of yoga and meditation in the morning and evening, your taste buds will be pampered with a balanced breakfast and Cuban delicacies for dinner. To admire the Caribbean and&#8230;<\/p>\n","protected":false},"author":1,"featured_media":0,"parent":0,"menu_order":0,"comment_status":"closed","ping_status":"closed","template":"","meta":{"_exactmetrics_skip_tracking":false,"_exactmetrics_sitenote_active":false,"_exactmetrics_sitenote_note":"","_exactmetrics_sitenote_category":0,"footnotes":""},"aioseo_notices":[],"_links":{"self":[{"href":"https:\/\/yoga-cubano.de\/en\/wp-json\/wp\/v2\/pages\/18340"}],"collection":[{"href":"https:\/\/yoga-cubano.de\/en\/wp-json\/wp\/v2\/pages"}],"about":[{"href":"https:\/\/yoga-cubano.de\/en\/wp-json\/wp\/v2\/types\/page"}],"author":[{"embeddable":true,"href":"https:\/\/yoga-cubano.de\/en\/wp-json\/wp\/v2\/users\/1"}],"replies":[{"embeddable":true,"href":"https:\/\/yoga-cubano.de\/en\/wp-json\/wp\/v2\/comments?post=18340"}],"version-history":[{"count":8,"href":"https:\/\/yoga-cubano.de\/en\/wp-json\/wp\/v2\/pages\/18340\/revisions"}],"predecessor-version":[{"id":18510,"href":"https:\/\/yoga-cubano.de\/en\/wp-json\/wp\/v2\/pages\/18340\/revisions\/18510"}],"wp:attachment":[{"href":"https:\/\/yoga-cubano.de\/en\/wp-json\/wp\/v2\/media?parent=18340"}],"curies":[{"name":"wp","href":"https:\/\/api.w.org\/{rel}","templated":true}]}}